{"id":1312,"date":"2024-10-11T13:57:15","date_gmt":"2024-10-11T19:57:15","guid":{"rendered":"https:\/\/lasallecuernavaca.edu.mx\/CC5\/171047\/?page_id=1312"},"modified":"2025-04-23T19:30:27","modified_gmt":"2025-04-24T01:30:27","slug":"hospedaje","status":"publish","type":"page","link":"https:\/\/lasallecuernavaca.edu.mx\/eventos\/asinea112\/hospedaje\/","title":{"rendered":"Hospedaje"},"content":{"rendered":"\t\t<div data-elementor-type=\"wp-post\" data-elementor-id=\"1312\" class=\"elementor elementor-1312\">\n\t\t\t\t\t\t\t\t\t<section class=\"elementor-section elementor-top-section elementor-element elementor-element-5b985cc elementor-section-boxed elementor-section-height-default elementor-section-height-default\" data-id=\"5b985cc\" data-element_type=\"section\">\n\t\t\t\t\t\t<div class=\"elementor-container elementor-column-gap-default\">\n\t\t\t\t\t<div class=\"elementor-column elementor-col-100 elementor-top-column elementor-element elementor-element-c620e20\" data-id=\"c620e20\" data-element_type=\"column\">\n\t\t\t<div class=\"elementor-widget-wrap elementor-element-populated\">\n\t\t\t\t\t\t\t\t<div class=\"elementor-element elementor-element-8239c1d elementor-widget elementor-widget-heading\" data-id=\"8239c1d\" data-element_type=\"widget\" data-widget_type=\"heading.default\">\n\t\t\t\t<div class=\"elementor-widget-container\">\n\t\t\t<style>\/*! elementor - v3.17.0 - 08-11-2023 *\/\n.elementor-heading-title{padding:0;margin:0;line-height:1}.elementor-widget-heading .elementor-heading-title[class*=elementor-size-]>a{color:inherit;font-size:inherit;line-height:inherit}.elementor-widget-heading .elementor-heading-title.elementor-size-small{font-size:15px}.elementor-widget-heading .elementor-heading-title.elementor-size-medium{font-size:19px}.elementor-widget-heading .elementor-heading-title.elementor-size-large{font-size:29px}.elementor-widget-heading .elementor-heading-title.elementor-size-xl{font-size:39px}.elementor-widget-heading .elementor-heading-title.elementor-size-xxl{font-size:59px}<\/style><h5 class=\"elementor-heading-title elementor-size-default\">C\u00d3DIGO DE RESERVACI\u00d3N: Evento Nacional de Arquitectos 2025<\/h5>\t\t<\/div>\n\t\t\t\t<\/div>\n\t\t\t\t\t<\/div>\n\t\t<\/div>\n\t\t\t\t\t\t\t<\/div>\n\t\t<\/section>\n\t\t<div class=\"elementor-element elementor-element-0899959 e-con-full e-flex e-con e-parent\" data-id=\"0899959\" data-element_type=\"container\" data-settings=\"{&quot;content_width&quot;:&quot;full&quot;}\" data-core-v316-plus=\"true\">\n\t\t<div class=\"elementor-element elementor-element-fc4ec38 e-con-full e-flex e-con e-child\" data-id=\"fc4ec38\" data-element_type=\"container\" data-settings=\"{&quot;content_width&quot;:&quot;full&quot;}\">\n\t\t\t\t<div class=\"elementor-element elementor-element-292089c elementor-widget elementor-widget-image\" data-id=\"292089c\" data-element_type=\"widget\" data-widget_type=\"image.default\">\n\t\t\t\t<div class=\"elementor-widget-container\">\n\t\t\t<style>\/*! elementor - v3.17.0 - 08-11-2023 *\/\n.elementor-widget-image{text-align:center}.elementor-widget-image a{display:inline-block}.elementor-widget-image a img[src$=\".svg\"]{width:48px}.elementor-widget-image img{vertical-align:middle;display:inline-block}<\/style>\t\t\t\t\t\t\t\t\t\t\t\t<img loading=\"lazy\" decoding=\"async\" width=\"300\" height=\"210\" src=\"https:\/\/i2.wp.com\/lasallecuernavaca.edu.mx\/eventos\/asinea112\/wp-content\/uploads\/2024\/10\/leonardo-159094338-050318GAMMA_CUERNAVACA38_O-684559-e1729895689489.jpg?fit=300%2C210&amp;ssl=1\" class=\"attachment-medium size-medium wp-image-1424\" alt=\"\" srcset=\"https:\/\/i2.wp.com\/lasallecuernavaca.edu.mx\/eventos\/asinea112\/wp-content\/uploads\/2024\/10\/leonardo-159094338-050318GAMMA_CUERNAVACA38_O-684559-e1729895689489.jpg?w=500&amp;ssl=1 500w, https:\/\/i2.wp.com\/lasallecuernavaca.edu.mx\/eventos\/asinea112\/wp-content\/uploads\/2024\/10\/leonardo-159094338-050318GAMMA_CUERNAVACA38_O-684559-e1729895689489.jpg?resize=300%2C210&amp;ssl=1 300w\" sizes=\"(max-width: 300px) 100vw, 300px\" \/>\t\t\t\t\t\t\t\t\t\t\t\t\t\t\t<\/div>\n\t\t\t\t<\/div>\n\t\t\t\t<\/div>\n\t\t<div class=\"elementor-element elementor-element-f2e0320 e-con-full e-flex e-con e-child\" data-id=\"f2e0320\" data-element_type=\"container\" data-settings=\"{&quot;content_width&quot;:&quot;full&quot;}\">\n\t\t\t\t<div class=\"elementor-element elementor-element-62632b5 elementor-widget elementor-widget-text-editor\" data-id=\"62632b5\" data-element_type=\"widget\" data-widget_type=\"text-editor.default\">\n\t\t\t\t<div class=\"elementor-widget-container\">\n\t\t\t<style>\/*! elementor - v3.17.0 - 08-11-2023 *\/\n.elementor-widget-text-editor.elementor-drop-cap-view-stacked .elementor-drop-cap{background-color:#69727d;color:#fff}.elementor-widget-text-editor.elementor-drop-cap-view-framed .elementor-drop-cap{color:#69727d;border:3px solid;background-color:transparent}.elementor-widget-text-editor:not(.elementor-drop-cap-view-default) .elementor-drop-cap{margin-top:8px}.elementor-widget-text-editor:not(.elementor-drop-cap-view-default) .elementor-drop-cap-letter{width:1em;height:1em}.elementor-widget-text-editor .elementor-drop-cap{float:left;text-align:center;line-height:1;font-size:50px}.elementor-widget-text-editor .elementor-drop-cap-letter{display:inline-block}<\/style>\t\t\t\t<h3 style=\"font-style: normal;\">Hotel Sede: Gamma Puerta Para\u00edso<\/h3>\n<p style=\"font-size: 16px; font-style: normal; font-weight: 400;\">Habitaci\u00f3n sencilla o doble $1,154.00<br>Habitaci\u00f3n triple $1,586.00<br>Habitaci\u00f3n cu\u00e1druple $2,018.00<br>Desayuno americano incluido<\/p>\n<p>WhatsApp: 777 614 7212<br>Recepci\u00f3n: 7773132444 ext. 5501 \u00f3 5100<\/p>\t\t\t\t\t\t<\/div>\n\t\t\t\t<\/div>\n\t\t\t\t<\/div>\n\t\t\t\t<\/div>\n\t\t<div class=\"elementor-element elementor-element-64c63ed e-con-full e-flex e-con e-parent\" data-id=\"64c63ed\" data-element_type=\"container\" data-settings=\"{&quot;content_width&quot;:&quot;full&quot;}\" data-core-v316-plus=\"true\">\n\t\t<div class=\"elementor-element elementor-element-47aabc3 e-con-full e-flex e-con e-child\" data-id=\"47aabc3\" data-element_type=\"container\" data-settings=\"{&quot;content_width&quot;:&quot;full&quot;}\">\n\t\t\t\t<div class=\"elementor-element elementor-element-6e5cf14 elementor-widget__width-initial elementor-widget elementor-widget-image\" data-id=\"6e5cf14\" data-element_type=\"widget\" data-widget_type=\"image.default\">\n\t\t\t\t<div class=\"elementor-widget-container\">\n\t\t\t\t\t\t\t\t\t\t\t\t\t\t\t<img loading=\"lazy\" decoding=\"async\" width=\"300\" height=\"218\" src=\"https:\/\/lasallecuernavaca.edu.mx\/eventos\/asinea112\/wp-content\/uploads\/2024\/10\/bg5-33-e1729895196549-300x218.webp\" class=\"attachment-medium size-medium wp-image-1422\" alt=\"\" srcset=\"https:\/\/lasallecuernavaca.edu.mx\/eventos\/asinea112\/wp-content\/uploads\/2024\/10\/bg5-33-e1729895196549-300x218.webp 300w, https:\/\/lasallecuernavaca.edu.mx\/eventos\/asinea112\/wp-content\/uploads\/2024\/10\/bg5-33-e1729895196549.webp 729w\" sizes=\"(max-width: 300px) 100vw, 300px\" \/>\t\t\t\t\t\t\t\t\t\t\t\t\t\t\t<\/div>\n\t\t\t\t<\/div>\n\t\t\t\t<\/div>\n\t\t<div class=\"elementor-element elementor-element-b1dca52 e-con-full e-flex e-con e-child\" data-id=\"b1dca52\" data-element_type=\"container\" data-settings=\"{&quot;content_width&quot;:&quot;full&quot;}\">\n\t\t\t\t<div class=\"elementor-element elementor-element-25af20b elementor-widget elementor-widget-text-editor\" data-id=\"25af20b\" data-element_type=\"widget\" data-widget_type=\"text-editor.default\">\n\t\t\t\t<div class=\"elementor-widget-container\">\n\t\t\t\t\t\t\t<h3><b>Hotel Villa Bejar<\/b><\/h3>\n<p>Habitaci\u00f3n sencilla $1,730.00<br>Habitaci\u00f3n doble $2,060.00<br>Habitaci\u00f3n triple $2,690<br>Desayuno incluido<br><a href=\"https:\/\/www.villabejar.mx\/cuernavaca\" target=\"_blank\" rel=\"noopener\">RESERVAR HABITACI\u00d3N<\/a><\/p>\t\t\t\t\t\t<\/div>\n\t\t\t\t<\/div>\n\t\t\t\t<\/div>\n\t\t\t\t<\/div>\n\t\t<div class=\"elementor-element elementor-element-703735b e-con-full e-flex e-con e-parent\" data-id=\"703735b\" data-element_type=\"container\" data-settings=\"{&quot;content_width&quot;:&quot;full&quot;}\" data-core-v316-plus=\"true\">\n\t\t<div class=\"elementor-element elementor-element-b6941f4 e-con-full e-flex e-con e-child\" data-id=\"b6941f4\" data-element_type=\"container\" data-settings=\"{&quot;content_width&quot;:&quot;full&quot;}\">\n\t\t\t\t<div class=\"elementor-element elementor-element-a9a6b87 elementor-widget elementor-widget-image\" data-id=\"a9a6b87\" data-element_type=\"widget\" data-widget_type=\"image.default\">\n\t\t\t\t<div class=\"elementor-widget-container\">\n\t\t\t\t\t\t\t\t\t\t\t\t\t\t\t<img loading=\"lazy\" decoding=\"async\" width=\"300\" height=\"218\" src=\"https:\/\/i0.wp.com\/lasallecuernavaca.edu.mx\/eventos\/asinea112\/wp-content\/uploads\/2024\/10\/WhatsApp-Image-2020-08-08-at-9.50.40-AM-768x600-1-e1729895975292.jpeg?fit=300%2C218&amp;ssl=1\" class=\"attachment-medium size-medium wp-image-1425\" alt=\"\" srcset=\"https:\/\/i0.wp.com\/lasallecuernavaca.edu.mx\/eventos\/asinea112\/wp-content\/uploads\/2024\/10\/WhatsApp-Image-2020-08-08-at-9.50.40-AM-768x600-1-e1729895975292.jpeg?w=729&amp;ssl=1 729w, https:\/\/i0.wp.com\/lasallecuernavaca.edu.mx\/eventos\/asinea112\/wp-content\/uploads\/2024\/10\/WhatsApp-Image-2020-08-08-at-9.50.40-AM-768x600-1-e1729895975292.jpeg?resize=300%2C218&amp;ssl=1 300w\" sizes=\"(max-width: 300px) 100vw, 300px\" \/>\t\t\t\t\t\t\t\t\t\t\t\t\t\t\t<\/div>\n\t\t\t\t<\/div>\n\t\t\t\t<\/div>\n\t\t<div class=\"elementor-element elementor-element-913cf4a e-con-full e-flex e-con e-child\" data-id=\"913cf4a\" data-element_type=\"container\" data-settings=\"{&quot;content_width&quot;:&quot;full&quot;}\">\n\t\t\t\t<div class=\"elementor-element elementor-element-10ef0c4 elementor-widget elementor-widget-text-editor\" data-id=\"10ef0c4\" data-element_type=\"widget\" data-widget_type=\"text-editor.default\">\n\t\t\t\t<div class=\"elementor-widget-container\">\n\t\t\t\t\t\t\t<h3 style=\"font-style: normal;\">Hotel Villas del Conquistador<\/h3>\n<p style=\"font-size: 16px; font-style: normal; font-weight: 400;\">Habitaci\u00f3n sencilla $1,190.00<br>Habitaci\u00f3n doble $1,554.00<br><a href=\"https:\/\/hotelvilladelconquistador.com\/\" target=\"_blank\" rel=\"noopener\">RESERVAR HABITACI\u00d3N<\/a><\/p>\t\t\t\t\t\t<\/div>\n\t\t\t\t<\/div>\n\t\t\t\t<\/div>\n\t\t\t\t<\/div>\n\t\t<div class=\"elementor-element elementor-element-9a53edf e-con-full e-flex e-con e-parent\" data-id=\"9a53edf\" data-element_type=\"container\" data-settings=\"{&quot;content_width&quot;:&quot;full&quot;}\" data-core-v316-plus=\"true\">\n\t\t<div class=\"elementor-element elementor-element-86fcf2f e-con-full e-flex e-con e-child\" data-id=\"86fcf2f\" data-element_type=\"container\" data-settings=\"{&quot;content_width&quot;:&quot;full&quot;}\">\n\t\t\t\t<div class=\"elementor-element elementor-element-9350dd8 elementor-widget__width-initial elementor-widget elementor-widget-image\" data-id=\"9350dd8\" data-element_type=\"widget\" data-widget_type=\"image.default\">\n\t\t\t\t<div class=\"elementor-widget-container\">\n\t\t\t\t\t\t\t\t\t\t\t\t\t\t\t<img loading=\"lazy\" decoding=\"async\" width=\"300\" height=\"200\" src=\"https:\/\/lasallecuernavaca.edu.mx\/eventos\/asinea112\/wp-content\/uploads\/2024\/10\/05112110.avif\" class=\"attachment-medium size-medium wp-image-1426\" alt=\"\" \/>\t\t\t\t\t\t\t\t\t\t\t\t\t\t\t<\/div>\n\t\t\t\t<\/div>\n\t\t\t\t<\/div>\n\t\t<div class=\"elementor-element elementor-element-d85bcd8 e-con-full e-flex e-con e-child\" data-id=\"d85bcd8\" data-element_type=\"container\" data-settings=\"{&quot;content_width&quot;:&quot;full&quot;}\">\n\t\t\t\t<div class=\"elementor-element elementor-element-696fd99 elementor-widget elementor-widget-text-editor\" data-id=\"696fd99\" data-element_type=\"widget\" data-widget_type=\"text-editor.default\">\n\t\t\t\t<div class=\"elementor-widget-container\">\n\t\t\t\t\t\t\t<h3 style=\"font-style: normal;\">Hotel Grand Vista<\/h3><p style=\"font-size: 16px; font-style: normal; font-weight: 400;\">Habitaci\u00f3n sencilla $800.00<br \/>Habitaci\u00f3n doble $950.00<br \/>Desayuno $210.00<br \/><a href=\"https:\/\/www.hotelesgrandvista.com\/\" target=\"_blank\" rel=\"noopener\">RESERVAR HABITACI\u00d3N<\/a><\/p>\t\t\t\t\t\t<\/div>\n\t\t\t\t<\/div>\n\t\t\t\t<\/div>\n\t\t\t\t<\/div>\n\t\t<div class=\"elementor-element elementor-element-bb25914 e-con-full e-flex e-con e-parent\" data-id=\"bb25914\" data-element_type=\"container\" data-settings=\"{&quot;content_width&quot;:&quot;full&quot;}\" data-core-v316-plus=\"true\">\n\t\t<div class=\"elementor-element elementor-element-5aab855 e-con-full e-flex e-con e-child\" data-id=\"5aab855\" data-element_type=\"container\" data-settings=\"{&quot;content_width&quot;:&quot;full&quot;}\">\n\t\t\t\t<div class=\"elementor-element elementor-element-0d2e82c elementor-widget__width-initial elementor-widget elementor-widget-image\" data-id=\"0d2e82c\" data-element_type=\"widget\" data-widget_type=\"image.default\">\n\t\t\t\t<div class=\"elementor-widget-container\">\n\t\t\t\t\t\t\t\t\t\t\t\t\t\t\t<img loading=\"lazy\" decoding=\"async\" width=\"300\" height=\"225\" src=\"https:\/\/i1.wp.com\/lasallecuernavaca.edu.mx\/eventos\/asinea112\/wp-content\/uploads\/2024\/10\/12876654_yMg15Iuk48wBwz3XkWbLlY1I6Lo_Pfyup4luEkITfu8.jpg?fit=300%2C225&amp;ssl=1\" class=\"attachment-medium size-medium wp-image-1432\" alt=\"\" srcset=\"https:\/\/i1.wp.com\/lasallecuernavaca.edu.mx\/eventos\/asinea112\/wp-content\/uploads\/2024\/10\/12876654_yMg15Iuk48wBwz3XkWbLlY1I6Lo_Pfyup4luEkITfu8.jpg?w=960&amp;ssl=1 960w, https:\/\/i1.wp.com\/lasallecuernavaca.edu.mx\/eventos\/asinea112\/wp-content\/uploads\/2024\/10\/12876654_yMg15Iuk48wBwz3XkWbLlY1I6Lo_Pfyup4luEkITfu8.jpg?resize=300%2C225&amp;ssl=1 300w, https:\/\/i1.wp.com\/lasallecuernavaca.edu.mx\/eventos\/asinea112\/wp-content\/uploads\/2024\/10\/12876654_yMg15Iuk48wBwz3XkWbLlY1I6Lo_Pfyup4luEkITfu8.jpg?resize=768%2C576&amp;ssl=1 768w\" sizes=\"(max-width: 300px) 100vw, 300px\" \/>\t\t\t\t\t\t\t\t\t\t\t\t\t\t\t<\/div>\n\t\t\t\t<\/div>\n\t\t\t\t<\/div>\n\t\t<div class=\"elementor-element elementor-element-97b012e e-con-full e-flex e-con e-child\" data-id=\"97b012e\" data-element_type=\"container\" data-settings=\"{&quot;content_width&quot;:&quot;full&quot;}\">\n\t\t\t\t<div class=\"elementor-element elementor-element-2a494f9 elementor-widget elementor-widget-text-editor\" data-id=\"2a494f9\" data-element_type=\"widget\" data-widget_type=\"text-editor.default\">\n\t\t\t\t<div class=\"elementor-widget-container\">\n\t\t\t\t\t\t\t<h3 style=\"font-style: normal;\"><span style=\"font-family: var( --e-global-typography-text-font-family ), Sans-serif; text-align: var(--text-align); background-color: var(--ast-global-color-5);\">La Salle Casa Tetela <span style=\"text-decoration: underline;\">(solo Directivos)<\/span><br \/><\/span><span style=\"font-size: 16px; font-weight: 400; color: var( --e-global-color-text ); font-family: var( --e-global-typography-text-font-family ), Sans-serif; text-align: var(--text-align); background-color: var(--ast-global-color-5);\">Habitaci\u00f3n sencilla con\u00a0<\/span><span style=\"font-size: 16px; font-weight: 400; color: var( --e-global-color-text ); font-family: var( --e-global-typography-text-font-family ), Sans-serif; text-align: var(--text-align); background-color: var(--ast-global-color-5);\">2 alimentos incluidos.<br \/>Del 6 al 9 de mayo &#8211; $3,687.40<br \/>Del 7 al 9 de mayo &#8211; $2,606.60<br \/><\/span><span style=\"font-size: 16px; font-weight: 400; color: var( --e-global-color-text ); font-family: var( --e-global-typography-text-font-family ), Sans-serif; text-align: var(--text-align); background-color: var(--ast-global-color-5);\">RESERVACIONES: 777 317 25 84<\/span><\/h3>\t\t\t\t\t\t<\/div>\n\t\t\t\t<\/div>\n\t\t\t\t<div class=\"elementor-element elementor-element-78842b1 elementor-widget elementor-widget-button\" data-id=\"78842b1\" data-element_type=\"widget\" data-widget_type=\"button.default\">\n\t\t\t\t<div class=\"elementor-widget-container\">\n\t\t\t\t\t<div class=\"elementor-button-wrapper\">\n\t\t\t<a class=\"elementor-button elementor-button-link elementor-size-sm\" href=\"https:\/\/lasallecuernavaca.edu.mx\/eventos\/asinea112\/wp-content\/uploads\/2025\/03\/INFO-PAGO-CASA-TETELA.pdf\" target=\"_blank\">\n\t\t\t\t\t\t<span class=\"elementor-button-content-wrapper\">\n\t\t\t\t\t\t<span class=\"elementor-button-text\">PAGAR  HOSPEDAJE<\/span>\n\t\t<\/span>\n\t\t\t\t\t<\/a>\n\t\t<\/div>\n\t\t\t\t<\/div>\n\t\t\t\t<\/div>\n\t\t\t\t<\/div>\n\t\t\t\t<\/div>\n\t\t\t\t<section class=\"elementor-section elementor-top-section elementor-element elementor-element-335459dc elementor-section-boxed elementor-section-height-default elementor-section-height-default\" data-id=\"335459dc\" data-element_type=\"section\" data-settings=\"{&quot;background_background&quot;:&quot;classic&quot;}\">\n\t\t\t\t\t\t<div class=\"elementor-container elementor-column-gap-default\">\n\t\t\t\t\t<div class=\"elementor-column elementor-col-50 elementor-top-column elementor-element elementor-element-2619336\" data-id=\"2619336\" data-element_type=\"column\">\n\t\t\t<div class=\"elementor-widget-wrap elementor-element-populated\">\n\t\t\t\t\t\t\t\t<div class=\"elementor-element elementor-element-1fc2e6a9 elementor-widget elementor-widget-heading\" data-id=\"1fc2e6a9\" data-element_type=\"widget\" data-widget_type=\"heading.default\">\n\t\t\t\t<div class=\"elementor-widget-container\">\n\t\t\t<h2 class=\"elementor-heading-title elementor-size-default\"><font face=\"Indivisa Text Sans\"><span style=\"font-size: 21.3333px;\">ASINEA 112<\/span><\/font><\/h2>\t\t<\/div>\n\t\t\t\t<\/div>\n\t\t\t\t<div class=\"elementor-element elementor-element-442c2789 elementor-widget elementor-widget-text-editor\" data-id=\"442c2789\" data-element_type=\"widget\" data-widget_type=\"text-editor.default\">\n\t\t\t\t<div class=\"elementor-widget-container\">\n\t\t\t\t\t\t\t<p><span style=\"font-style: inherit; font-weight: inherit; font-family: var( --e-global-typography-text-font-family ), Sans-serif;\">asinea@lasallecuernavaca.edu.mx<br \/><\/span><span style=\"font-family: var( --e-global-typography-text-font-family ), Sans-serif; font-size: 14.592px; font-style: inherit; font-weight: inherit;\">Tel: (777) 311- 5525 Ext. 800<\/span><\/p>\t\t\t\t\t\t<\/div>\n\t\t\t\t<\/div>\n\t\t\t\t\t<\/div>\n\t\t<\/div>\n\t\t\t\t<div class=\"elementor-column elementor-col-50 elementor-top-column elementor-element elementor-element-378d29\" data-id=\"378d29\" data-element_type=\"column\">\n\t\t\t<div class=\"elementor-widget-wrap elementor-element-populated\">\n\t\t\t\t\t\t\t\t<div class=\"elementor-element elementor-element-7541f3cd elementor-widget elementor-widget-google_maps\" data-id=\"7541f3cd\" data-element_type=\"widget\" data-widget_type=\"google_maps.default\">\n\t\t\t\t<div class=\"elementor-widget-container\">\n\t\t\t<style>\/*! elementor - v3.17.0 - 08-11-2023 *\/\n.elementor-widget-google_maps .elementor-widget-container{overflow:hidden}.elementor-widget-google_maps .elementor-custom-embed{line-height:0}.elementor-widget-google_maps iframe{height:300px}<\/style>\t\t<div class=\"elementor-custom-embed\">\n\t\t\t<iframe loading=\"lazy\"\n\t\t\t\t\tsrc=\"https:\/\/maps.google.com\/maps?q=Preparatoria%20La%20Salle%20Cuernavaca&#038;t=m&#038;z=18&#038;output=embed&#038;iwloc=near\"\n\t\t\t\t\ttitle=\"Preparatoria La Salle Cuernavaca\"\n\t\t\t\t\taria-label=\"Preparatoria La Salle Cuernavaca\"\n\t\t\t><\/iframe>\n\t\t<\/div>\n\t\t\t\t<\/div>\n\t\t\t\t<\/div>\n\t\t\t\t\t<\/div>\n\t\t<\/div>\n\t\t\t\t\t\t\t<\/div>\n\t\t<\/section>\n\t\t\t\t\t\t\t<\/div>\n\t\t","protected":false},"excerpt":{"rendered":"<p>C\u00d3DIGO DE RESERVACI\u00d3N: Evento Nacional de Arquitectos 2025 Hotel Sede: Gamma Puerta Para\u00edso Habitaci\u00f3n sencilla o doble $1,154.00Habitaci\u00f3n triple $1,586.00Habitaci\u00f3n cu\u00e1druple $2,018.00Desayuno americano incluido WhatsApp: 777 614 7212Recepci\u00f3n: 7773132444 ext. 5501 \u00f3 5100 Hotel Villa Bejar Habitaci\u00f3n sencilla $1,730.00Habitaci\u00f3n doble $2,060.00Habitaci\u00f3n triple $2,690Desayuno incluidoRESERVAR HABITACI\u00d3N Hotel Villas del Conquistador Habitaci\u00f3n sencilla $1,190.00Habitaci\u00f3n doble $1,554.00RESERVAR HABITACI\u00d3N &hellip;<\/p>\n<p class=\"read-more\"> <a class=\"\" href=\"https:\/\/lasallecuernavaca.edu.mx\/eventos\/asinea112\/hospedaje\/\"> <span class=\"screen-reader-text\">Hospedaje<\/span> Leer m\u00e1s &raquo;<\/a><\/p>\n","protected":false},"author":8,"featured_media":0,"parent":0,"menu_order":0,"comment_status":"closed","ping_status":"closed","template":"","meta":{"_coblocks_attr":"","_coblocks_dimensions":"","_coblocks_responsive_height":"","_coblocks_accordion_ie_support":"","site-sidebar-layout":"no-sidebar","site-content-layout":"page-builder","ast-global-header-display":"","ast-main-header-display":"","ast-hfb-above-header-display":"","ast-hfb-below-header-display":"","ast-hfb-mobile-header-display":"","site-post-title":"disabled","ast-breadcrumbs-content":"","ast-featured-img":"disabled","footer-sml-layout":"","theme-transparent-header-meta":"","adv-header-id-meta":"","stick-header-meta":"","header-above-stick-meta":"","header-main-stick-meta":"","header-below-stick-meta":"","spay_email":"","footnotes":""},"jetpack_sharing_enabled":false,"jetpack_likes_enabled":false,"_links":{"self":[{"href":"https:\/\/lasallecuernavaca.edu.mx\/eventos\/asinea112\/wp-json\/wp\/v2\/pages\/1312"}],"collection":[{"href":"https:\/\/lasallecuernavaca.edu.mx\/eventos\/asinea112\/wp-json\/wp\/v2\/pages"}],"about":[{"href":"https:\/\/lasallecuernavaca.edu.mx\/eventos\/asinea112\/wp-json\/wp\/v2\/types\/page"}],"author":[{"embeddable":true,"href":"https:\/\/lasallecuernavaca.edu.mx\/eventos\/asinea112\/wp-json\/wp\/v2\/users\/8"}],"replies":[{"embeddable":true,"href":"https:\/\/lasallecuernavaca.edu.mx\/eventos\/asinea112\/wp-json\/wp\/v2\/comments?post=1312"}],"version-history":[{"count":49,"href":"https:\/\/lasallecuernavaca.edu.mx\/eventos\/asinea112\/wp-json\/wp\/v2\/pages\/1312\/revisions"}],"predecessor-version":[{"id":1740,"href":"https:\/\/lasallecuernavaca.edu.mx\/eventos\/asinea112\/wp-json\/wp\/v2\/pages\/1312\/revisions\/1740"}],"wp:attachment":[{"href":"https:\/\/lasallecuernavaca.edu.mx\/eventos\/asinea112\/wp-json\/wp\/v2\/media?parent=1312"}],"curies":[{"name":"wp","href":"https:\/\/api.w.org\/{rel}","templated":true}]}}