{"id":1310,"date":"2024-10-11T13:57:41","date_gmt":"2024-10-11T19:57:41","guid":{"rendered":"https:\/\/lasallecuernavaca.edu.mx\/CC5\/171047\/?page_id=1310"},"modified":"2025-05-05T07:52:29","modified_gmt":"2025-05-05T13:52:29","slug":"sede","status":"publish","type":"page","link":"https:\/\/lasallecuernavaca.edu.mx\/eventos\/asinea112\/sede\/","title":{"rendered":"Sede"},"content":{"rendered":"\t\t<div data-elementor-type=\"wp-post\" data-elementor-id=\"1310\" class=\"elementor elementor-1310\">\n\t\t\t\t\t\t\t\t\t<section class=\"elementor-section elementor-top-section elementor-element elementor-element-5b985cc elementor-section-boxed elementor-section-height-default elementor-section-height-default\" data-id=\"5b985cc\" data-element_type=\"section\">\n\t\t\t\t\t\t<div class=\"elementor-container elementor-column-gap-default\">\n\t\t\t\t\t<div class=\"elementor-column elementor-col-100 elementor-top-column elementor-element elementor-element-c620e20\" data-id=\"c620e20\" data-element_type=\"column\">\n\t\t\t<div class=\"elementor-widget-wrap elementor-element-populated\">\n\t\t\t\t\t\t\t\t<div class=\"elementor-element elementor-element-8239c1d elementor-widget elementor-widget-heading\" data-id=\"8239c1d\" data-element_type=\"widget\" data-widget_type=\"heading.default\">\n\t\t\t\t<div class=\"elementor-widget-container\">\n\t\t\t<style>\/*! elementor - v3.17.0 - 08-11-2023 *\/\n.elementor-heading-title{padding:0;margin:0;line-height:1}.elementor-widget-heading .elementor-heading-title[class*=elementor-size-]>a{color:inherit;font-size:inherit;line-height:inherit}.elementor-widget-heading .elementor-heading-title.elementor-size-small{font-size:15px}.elementor-widget-heading .elementor-heading-title.elementor-size-medium{font-size:19px}.elementor-widget-heading .elementor-heading-title.elementor-size-large{font-size:29px}.elementor-widget-heading .elementor-heading-title.elementor-size-xl{font-size:39px}.elementor-widget-heading .elementor-heading-title.elementor-size-xxl{font-size:59px}<\/style><h3 class=\"elementor-heading-title elementor-size-default\">Universidad La Salle Cuernavaca<\/h3>\t\t<\/div>\n\t\t\t\t<\/div>\n\t\t\t\t\t<\/div>\n\t\t<\/div>\n\t\t\t\t\t\t\t<\/div>\n\t\t<\/section>\n\t\t<div class=\"elementor-element elementor-element-10e3df3 e-flex e-con-boxed e-con e-parent\" data-id=\"10e3df3\" data-element_type=\"container\" data-settings=\"{&quot;content_width&quot;:&quot;boxed&quot;}\" data-core-v316-plus=\"true\">\n\t\t\t\t\t<div class=\"e-con-inner\">\n\t\t<div class=\"elementor-element elementor-element-e86c696 e-con-full e-flex e-con e-child\" data-id=\"e86c696\" data-element_type=\"container\" data-settings=\"{&quot;content_width&quot;:&quot;full&quot;}\">\n\t\t\t\t<div class=\"elementor-element elementor-element-c539cda elementor-widget elementor-widget-image\" data-id=\"c539cda\" data-element_type=\"widget\" data-widget_type=\"image.default\">\n\t\t\t\t<div class=\"elementor-widget-container\">\n\t\t\t<style>\/*! elementor - v3.17.0 - 08-11-2023 *\/\n.elementor-widget-image{text-align:center}.elementor-widget-image a{display:inline-block}.elementor-widget-image a img[src$=\".svg\"]{width:48px}.elementor-widget-image img{vertical-align:middle;display:inline-block}<\/style>\t\t\t\t\t\t\t\t\t\t\t\t<img loading=\"lazy\" decoding=\"async\" width=\"1024\" height=\"656\" src=\"https:\/\/i2.wp.com\/lasallecuernavaca.edu.mx\/eventos\/asinea112\/wp-content\/uploads\/2024\/10\/JAM_8929-e1730340220850.jpg?fit=1024%2C656&amp;ssl=1\" class=\"attachment-large size-large wp-image-1448\" alt=\"\" \/>\t\t\t\t\t\t\t\t\t\t\t\t\t\t\t<\/div>\n\t\t\t\t<\/div>\n\t\t\t\t<\/div>\n\t\t<div class=\"elementor-element elementor-element-67bc413 e-con-full e-flex e-con e-child\" data-id=\"67bc413\" data-element_type=\"container\" data-settings=\"{&quot;content_width&quot;:&quot;full&quot;}\">\n\t\t\t\t<div class=\"elementor-element elementor-element-6f87adb elementor-widget__width-initial elementor-widget elementor-widget-image\" data-id=\"6f87adb\" data-element_type=\"widget\" data-widget_type=\"image.default\">\n\t\t\t\t<div class=\"elementor-widget-container\">\n\t\t\t\t\t\t\t\t\t\t\t\t\t\t\t<img loading=\"lazy\" decoding=\"async\" width=\"1024\" height=\"768\" src=\"https:\/\/i0.wp.com\/lasallecuernavaca.edu.mx\/eventos\/asinea112\/wp-content\/uploads\/2024\/10\/La-salle-WEB-1.jpg?fit=1024%2C768&amp;ssl=1\" class=\"attachment-large size-large wp-image-1452\" alt=\"\" srcset=\"https:\/\/i0.wp.com\/lasallecuernavaca.edu.mx\/eventos\/asinea112\/wp-content\/uploads\/2024\/10\/La-salle-WEB-1.jpg?w=1667&amp;ssl=1 1667w, https:\/\/i0.wp.com\/lasallecuernavaca.edu.mx\/eventos\/asinea112\/wp-content\/uploads\/2024\/10\/La-salle-WEB-1.jpg?resize=300%2C225&amp;ssl=1 300w, https:\/\/i0.wp.com\/lasallecuernavaca.edu.mx\/eventos\/asinea112\/wp-content\/uploads\/2024\/10\/La-salle-WEB-1.jpg?resize=1024%2C768&amp;ssl=1 1024w, https:\/\/i0.wp.com\/lasallecuernavaca.edu.mx\/eventos\/asinea112\/wp-content\/uploads\/2024\/10\/La-salle-WEB-1.jpg?resize=768%2C576&amp;ssl=1 768w, https:\/\/i0.wp.com\/lasallecuernavaca.edu.mx\/eventos\/asinea112\/wp-content\/uploads\/2024\/10\/La-salle-WEB-1.jpg?resize=1536%2C1152&amp;ssl=1 1536w\" sizes=\"(max-width: 1000px) 100vw, 1000px\" \/>\t\t\t\t\t\t\t\t\t\t\t\t\t\t\t<\/div>\n\t\t\t\t<\/div>\n\t\t\t\t<\/div>\n\t\t<div class=\"elementor-element elementor-element-051def1 e-con-full e-flex e-con e-child\" data-id=\"051def1\" data-element_type=\"container\" data-settings=\"{&quot;content_width&quot;:&quot;full&quot;}\">\n\t\t\t\t<div class=\"elementor-element elementor-element-3b0118d elementor-widget__width-initial elementor-widget elementor-widget-image\" data-id=\"3b0118d\" data-element_type=\"widget\" data-widget_type=\"image.default\">\n\t\t\t\t<div class=\"elementor-widget-container\">\n\t\t\t\t\t\t\t\t\t\t\t\t\t\t\t<img loading=\"lazy\" decoding=\"async\" width=\"1024\" height=\"768\" src=\"https:\/\/i1.wp.com\/lasallecuernavaca.edu.mx\/eventos\/asinea112\/wp-content\/uploads\/2024\/10\/La-salle-WEB-2.png?fit=1024%2C768&amp;ssl=1\" class=\"attachment-large size-large wp-image-1453\" alt=\"\" srcset=\"https:\/\/i1.wp.com\/lasallecuernavaca.edu.mx\/eventos\/asinea112\/wp-content\/uploads\/2024\/10\/La-salle-WEB-2.png?w=1667&amp;ssl=1 1667w, https:\/\/i1.wp.com\/lasallecuernavaca.edu.mx\/eventos\/asinea112\/wp-content\/uploads\/2024\/10\/La-salle-WEB-2.png?resize=300%2C225&amp;ssl=1 300w, https:\/\/i1.wp.com\/lasallecuernavaca.edu.mx\/eventos\/asinea112\/wp-content\/uploads\/2024\/10\/La-salle-WEB-2.png?resize=1024%2C768&amp;ssl=1 1024w, https:\/\/i1.wp.com\/lasallecuernavaca.edu.mx\/eventos\/asinea112\/wp-content\/uploads\/2024\/10\/La-salle-WEB-2.png?resize=768%2C576&amp;ssl=1 768w, https:\/\/i1.wp.com\/lasallecuernavaca.edu.mx\/eventos\/asinea112\/wp-content\/uploads\/2024\/10\/La-salle-WEB-2.png?resize=1536%2C1152&amp;ssl=1 1536w\" sizes=\"(max-width: 1000px) 100vw, 1000px\" \/>\t\t\t\t\t\t\t\t\t\t\t\t\t\t\t<\/div>\n\t\t\t\t<\/div>\n\t\t\t\t<\/div>\n\t\t<div class=\"elementor-element elementor-element-b7d0b7a e-con-full e-flex e-con e-child\" data-id=\"b7d0b7a\" data-element_type=\"container\" data-settings=\"{&quot;content_width&quot;:&quot;full&quot;}\">\n\t\t\t\t<div class=\"elementor-element elementor-element-09eff30 elementor-widget elementor-widget-text-editor\" data-id=\"09eff30\" data-element_type=\"widget\" data-widget_type=\"text-editor.default\">\n\t\t\t\t<div class=\"elementor-widget-container\">\n\t\t\t<style>\/*! elementor - v3.17.0 - 08-11-2023 *\/\n.elementor-widget-text-editor.elementor-drop-cap-view-stacked .elementor-drop-cap{background-color:#69727d;color:#fff}.elementor-widget-text-editor.elementor-drop-cap-view-framed .elementor-drop-cap{color:#69727d;border:3px solid;background-color:transparent}.elementor-widget-text-editor:not(.elementor-drop-cap-view-default) .elementor-drop-cap{margin-top:8px}.elementor-widget-text-editor:not(.elementor-drop-cap-view-default) .elementor-drop-cap-letter{width:1em;height:1em}.elementor-widget-text-editor .elementor-drop-cap{float:left;text-align:center;line-height:1;font-size:50px}.elementor-widget-text-editor .elementor-drop-cap-letter{display:inline-block}<\/style>\t\t\t\t<p><b>CENTRO CULTURAL TEOPANZOLCO<br \/><\/b>Registro, inauguraci\u00f3n, conferencia magistral, fotograf\u00eda y ceremonia de clausura.<\/p>\t\t\t\t\t\t<\/div>\n\t\t\t\t<\/div>\n\t\t\t\t<\/div>\n\t\t<div class=\"elementor-element elementor-element-87ac026 e-con-full e-flex e-con e-child\" data-id=\"87ac026\" data-element_type=\"container\" data-settings=\"{&quot;content_width&quot;:&quot;full&quot;}\">\n\t\t\t\t<div class=\"elementor-element elementor-element-35f29be elementor-widget elementor-widget-text-editor\" data-id=\"35f29be\" data-element_type=\"widget\" data-widget_type=\"text-editor.default\">\n\t\t\t\t<div class=\"elementor-widget-container\">\n\t\t\t\t\t\t\t<p><b>CAMPUS UNIVERSITARIO<br \/><\/b>Talleres, ponencias, exposici\u00f3n de carteles de investigaci\u00f3n y zona de alimentos.<\/p>\t\t\t\t\t\t<\/div>\n\t\t\t\t<\/div>\n\t\t\t\t<\/div>\n\t\t<div class=\"elementor-element elementor-element-ad85f13 e-con-full e-flex e-con e-child\" data-id=\"ad85f13\" data-element_type=\"container\" data-settings=\"{&quot;content_width&quot;:&quot;full&quot;}\">\n\t\t\t\t<div class=\"elementor-element elementor-element-e8e67b0 elementor-widget elementor-widget-text-editor\" data-id=\"e8e67b0\" data-element_type=\"widget\" data-widget_type=\"text-editor.default\">\n\t\t\t\t<div class=\"elementor-widget-container\">\n\t\t\t\t\t\t\t<p><b>AUDITORIO MANUEL ARR\u00d3YAVE<br \/><\/b>Conferencias y talleres.<\/p>\t\t\t\t\t\t<\/div>\n\t\t\t\t<\/div>\n\t\t\t\t<\/div>\n\t\t\t\t\t<\/div>\n\t\t\t\t<\/div>\n\t\t<div class=\"elementor-element elementor-element-bfa05e4 e-flex e-con-boxed e-con e-parent\" data-id=\"bfa05e4\" data-element_type=\"container\" data-settings=\"{&quot;content_width&quot;:&quot;boxed&quot;}\" data-core-v316-plus=\"true\">\n\t\t\t\t\t<div class=\"e-con-inner\">\n\t\t<div class=\"elementor-element elementor-element-1bfd2f5 e-con-full e-flex e-con e-child\" data-id=\"1bfd2f5\" data-element_type=\"container\" data-settings=\"{&quot;content_width&quot;:&quot;full&quot;}\">\n\t\t\t\t<div class=\"elementor-element elementor-element-85e687e elementor-widget__width-initial elementor-widget elementor-widget-image\" data-id=\"85e687e\" data-element_type=\"widget\" data-widget_type=\"image.default\">\n\t\t\t\t<div class=\"elementor-widget-container\">\n\t\t\t\t\t\t\t\t\t\t\t\t\t\t\t<img loading=\"lazy\" decoding=\"async\" width=\"1024\" height=\"768\" src=\"https:\/\/i1.wp.com\/lasallecuernavaca.edu.mx\/eventos\/asinea112\/wp-content\/uploads\/2024\/11\/WhatsApp-Image-2024-11-05-at-4.19.30-PM.jpeg?fit=1024%2C768&amp;ssl=1\" class=\"attachment-large size-large wp-image-1514\" alt=\"\" srcset=\"https:\/\/i1.wp.com\/lasallecuernavaca.edu.mx\/eventos\/asinea112\/wp-content\/uploads\/2024\/11\/WhatsApp-Image-2024-11-05-at-4.19.30-PM.jpeg?w=1296&amp;ssl=1 1296w, https:\/\/i1.wp.com\/lasallecuernavaca.edu.mx\/eventos\/asinea112\/wp-content\/uploads\/2024\/11\/WhatsApp-Image-2024-11-05-at-4.19.30-PM.jpeg?resize=300%2C225&amp;ssl=1 300w, https:\/\/i1.wp.com\/lasallecuernavaca.edu.mx\/eventos\/asinea112\/wp-content\/uploads\/2024\/11\/WhatsApp-Image-2024-11-05-at-4.19.30-PM.jpeg?resize=1024%2C768&amp;ssl=1 1024w, https:\/\/i1.wp.com\/lasallecuernavaca.edu.mx\/eventos\/asinea112\/wp-content\/uploads\/2024\/11\/WhatsApp-Image-2024-11-05-at-4.19.30-PM.jpeg?resize=768%2C576&amp;ssl=1 768w\" sizes=\"(max-width: 1000px) 100vw, 1000px\" \/>\t\t\t\t\t\t\t\t\t\t\t\t\t\t\t<\/div>\n\t\t\t\t<\/div>\n\t\t\t\t<\/div>\n\t\t<div class=\"elementor-element elementor-element-040e462 e-con-full e-flex e-con e-child\" data-id=\"040e462\" data-element_type=\"container\" data-settings=\"{&quot;content_width&quot;:&quot;full&quot;}\">\n\t\t\t\t<div class=\"elementor-element elementor-element-f548d4d elementor-widget__width-initial elementor-widget elementor-widget-image\" data-id=\"f548d4d\" data-element_type=\"widget\" data-widget_type=\"image.default\">\n\t\t\t\t<div class=\"elementor-widget-container\">\n\t\t\t\t\t\t\t\t\t\t\t\t\t\t\t<img loading=\"lazy\" decoding=\"async\" width=\"870\" height=\"718\" src=\"https:\/\/i2.wp.com\/lasallecuernavaca.edu.mx\/eventos\/asinea112\/wp-content\/uploads\/2024\/11\/Captura-de-pantalla-2024-11-07-a-las-3.11.20\u202fp.m.png?fit=870%2C718&amp;ssl=1\" class=\"attachment-large size-large wp-image-1525\" alt=\"\" srcset=\"https:\/\/i2.wp.com\/lasallecuernavaca.edu.mx\/eventos\/asinea112\/wp-content\/uploads\/2024\/11\/Captura-de-pantalla-2024-11-07-a-las-3.11.20\u202fp.m.png?w=870&amp;ssl=1 870w, https:\/\/i2.wp.com\/lasallecuernavaca.edu.mx\/eventos\/asinea112\/wp-content\/uploads\/2024\/11\/Captura-de-pantalla-2024-11-07-a-las-3.11.20\u202fp.m.png?resize=300%2C248&amp;ssl=1 300w, https:\/\/i2.wp.com\/lasallecuernavaca.edu.mx\/eventos\/asinea112\/wp-content\/uploads\/2024\/11\/Captura-de-pantalla-2024-11-07-a-las-3.11.20\u202fp.m.png?resize=768%2C634&amp;ssl=1 768w\" sizes=\"(max-width: 870px) 100vw, 870px\" \/>\t\t\t\t\t\t\t\t\t\t\t\t\t\t\t<\/div>\n\t\t\t\t<\/div>\n\t\t\t\t<\/div>\n\t\t<div class=\"elementor-element elementor-element-e58487f e-con-full e-flex e-con e-child\" data-id=\"e58487f\" data-element_type=\"container\" data-settings=\"{&quot;content_width&quot;:&quot;full&quot;}\">\n\t\t\t\t<div class=\"elementor-element elementor-element-ac91605 elementor-widget elementor-widget-text-editor\" data-id=\"ac91605\" data-element_type=\"widget\" data-widget_type=\"text-editor.default\">\n\t\t\t\t<div class=\"elementor-widget-container\">\n\t\t\t\t\t\t\t<p><b>AUDITORIO SUMMA<br \/><\/b>Talleres y exposici\u00f3n de carteles de investigaci\u00f3n<\/p>\t\t\t\t\t\t<\/div>\n\t\t\t\t<\/div>\n\t\t\t\t<\/div>\n\t\t<div class=\"elementor-element elementor-element-c5b0f84 e-con-full e-flex e-con e-child\" data-id=\"c5b0f84\" data-element_type=\"container\" data-settings=\"{&quot;content_width&quot;:&quot;full&quot;}\">\n\t\t\t\t<div class=\"elementor-element elementor-element-da5fc5c elementor-widget elementor-widget-text-editor\" data-id=\"da5fc5c\" data-element_type=\"widget\" data-widget_type=\"text-editor.default\">\n\t\t\t\t<div class=\"elementor-widget-container\">\n\t\t\t\t\t\t\t<p><span style=\"font-weight: bold;\">CARPA ASINEA (CANCHA DE USOS M\u00daLTIPLES)<br \/><\/span>Zona de alimentaci\u00f3n, descanso y noche social<\/p>\t\t\t\t\t\t<\/div>\n\t\t\t\t<\/div>\n\t\t\t\t<\/div>\n\t\t<div class=\"elementor-element elementor-element-9dee3d7 e-con-full e-flex e-con e-child\" data-id=\"9dee3d7\" data-element_type=\"container\" data-settings=\"{&quot;content_width&quot;:&quot;full&quot;}\">\n\t\t\t\t<\/div>\n\t\t\t\t\t<\/div>\n\t\t\t\t<\/div>\n\t\t<div class=\"elementor-element elementor-element-d738978 e-flex e-con-boxed e-con e-parent\" data-id=\"d738978\" data-element_type=\"container\" data-settings=\"{&quot;content_width&quot;:&quot;boxed&quot;}\" data-core-v316-plus=\"true\">\n\t\t\t\t\t<div class=\"e-con-inner\">\n\t\t\t\t<div class=\"elementor-element elementor-element-458b532 elementor-widget elementor-widget-heading\" data-id=\"458b532\" data-element_type=\"widget\" data-widget_type=\"heading.default\">\n\t\t\t\t<div class=\"elementor-widget-container\">\n\t\t\t<h3 class=\"elementor-heading-title elementor-size-default\">Mapa de ubicaci\u00f3n de espacios en Campus Universidad<\/h3>\t\t<\/div>\n\t\t\t\t<\/div>\n\t\t\t\t\t<\/div>\n\t\t\t\t<\/div>\n\t\t<div class=\"elementor-element elementor-element-f1bd776 e-flex e-con-boxed e-con e-parent\" data-id=\"f1bd776\" data-element_type=\"container\" data-settings=\"{&quot;content_width&quot;:&quot;boxed&quot;}\" data-core-v316-plus=\"true\">\n\t\t\t\t\t<div class=\"e-con-inner\">\n\t\t\t\t<div class=\"elementor-element elementor-element-098885c elementor-widget elementor-widget-image\" data-id=\"098885c\" data-element_type=\"widget\" data-widget_type=\"image.default\">\n\t\t\t\t<div class=\"elementor-widget-container\">\n\t\t\t\t\t\t\t\t\t\t\t\t\t\t\t\t<a href=\"https:\/\/i0.wp.com\/lasallecuernavaca.edu.mx\/eventos\/asinea112\/wp-content\/uploads\/2024\/11\/WhatsApp-Image-2024-11-01-at-6.54.06-PM.jpeg?ssl=1\" data-elementor-open-lightbox=\"yes\" data-elementor-lightbox-title=\"Mapa Zonas ASINEA 112\" data-e-action-hash=\"#elementor-action%3Aaction%3Dlightbox%26settings%3DeyJpZCI6MTQ4MSwidXJsIjoiaHR0cHM6XC9cL2xhc2FsbGVjdWVybmF2YWNhLmVkdS5teFwvZXZlbnRvc1wvYXNpbmVhMTEyXC93cC1jb250ZW50XC91cGxvYWRzXC8yMDI0XC8xMVwvV2hhdHNBcHAtSW1hZ2UtMjAyNC0xMS0wMS1hdC02LjU0LjA2LVBNLmpwZWcifQ%3D%3D\">\n\t\t\t\t\t\t\t<img loading=\"lazy\" decoding=\"async\" width=\"1024\" height=\"790\" src=\"https:\/\/i0.wp.com\/lasallecuernavaca.edu.mx\/eventos\/asinea112\/wp-content\/uploads\/2024\/11\/WhatsApp-Image-2024-11-01-at-6.54.06-PM.jpeg?fit=1024%2C790&amp;ssl=1\" class=\"attachment-large size-large wp-image-1481\" alt=\"\" srcset=\"https:\/\/i0.wp.com\/lasallecuernavaca.edu.mx\/eventos\/asinea112\/wp-content\/uploads\/2024\/11\/WhatsApp-Image-2024-11-01-at-6.54.06-PM.jpeg?w=1600&amp;ssl=1 1600w, https:\/\/i0.wp.com\/lasallecuernavaca.edu.mx\/eventos\/asinea112\/wp-content\/uploads\/2024\/11\/WhatsApp-Image-2024-11-01-at-6.54.06-PM.jpeg?resize=300%2C232&amp;ssl=1 300w, https:\/\/i0.wp.com\/lasallecuernavaca.edu.mx\/eventos\/asinea112\/wp-content\/uploads\/2024\/11\/WhatsApp-Image-2024-11-01-at-6.54.06-PM.jpeg?resize=1024%2C790&amp;ssl=1 1024w, https:\/\/i0.wp.com\/lasallecuernavaca.edu.mx\/eventos\/asinea112\/wp-content\/uploads\/2024\/11\/WhatsApp-Image-2024-11-01-at-6.54.06-PM.jpeg?resize=768%2C593&amp;ssl=1 768w, https:\/\/i0.wp.com\/lasallecuernavaca.edu.mx\/eventos\/asinea112\/wp-content\/uploads\/2024\/11\/WhatsApp-Image-2024-11-01-at-6.54.06-PM.jpeg?resize=1536%2C1186&amp;ssl=1 1536w\" sizes=\"(max-width: 1000px) 100vw, 1000px\" \/>\t\t\t\t\t\t\t\t<\/a>\n\t\t\t\t\t\t\t\t\t\t\t\t\t\t\t<\/div>\n\t\t\t\t<\/div>\n\t\t\t\t\t<\/div>\n\t\t\t\t<\/div>\n\t\t\t\t<section class=\"elementor-section elementor-top-section elementor-element elementor-element-5479f858 elementor-section-boxed elementor-section-height-default elementor-section-height-default\" data-id=\"5479f858\" data-element_type=\"section\" data-settings=\"{&quot;background_background&quot;:&quot;classic&quot;}\">\n\t\t\t\t\t\t<div class=\"elementor-container elementor-column-gap-default\">\n\t\t\t\t\t<div class=\"elementor-column elementor-col-50 elementor-top-column elementor-element elementor-element-3a06ed21\" data-id=\"3a06ed21\" data-element_type=\"column\">\n\t\t\t<div class=\"elementor-widget-wrap elementor-element-populated\">\n\t\t\t\t\t\t\t\t<div class=\"elementor-element elementor-element-68b5bd64 elementor-widget elementor-widget-heading\" data-id=\"68b5bd64\" data-element_type=\"widget\" data-widget_type=\"heading.default\">\n\t\t\t\t<div class=\"elementor-widget-container\">\n\t\t\t<h2 class=\"elementor-heading-title elementor-size-default\"><font face=\"Indivisa Text Sans\"><span style=\"font-size: 21.3333px;\">ASINEA 112<\/span><\/font><\/h2>\t\t<\/div>\n\t\t\t\t<\/div>\n\t\t\t\t<div class=\"elementor-element elementor-element-74d406d0 elementor-widget elementor-widget-text-editor\" data-id=\"74d406d0\" data-element_type=\"widget\" data-widget_type=\"text-editor.default\">\n\t\t\t\t<div class=\"elementor-widget-container\">\n\t\t\t\t\t\t\t<p><span style=\"font-style: inherit; font-weight: inherit; font-family: var( --e-global-typography-text-font-family ), Sans-serif;\">asinea@lasallecuernavaca.edu.mx<br \/><\/span><span style=\"font-family: var( --e-global-typography-text-font-family ), Sans-serif; font-size: 14.592px; font-style: inherit; font-weight: inherit;\">Tel: (777) 311- 5525 Ext. 800<\/span><\/p>\t\t\t\t\t\t<\/div>\n\t\t\t\t<\/div>\n\t\t\t\t\t<\/div>\n\t\t<\/div>\n\t\t\t\t<div class=\"elementor-column elementor-col-50 elementor-top-column elementor-element elementor-element-43a2be44\" data-id=\"43a2be44\" data-element_type=\"column\">\n\t\t\t<div class=\"elementor-widget-wrap elementor-element-populated\">\n\t\t\t\t\t\t\t\t<div class=\"elementor-element elementor-element-5505adb6 elementor-widget elementor-widget-google_maps\" data-id=\"5505adb6\" data-element_type=\"widget\" data-widget_type=\"google_maps.default\">\n\t\t\t\t<div class=\"elementor-widget-container\">\n\t\t\t<style>\/*! elementor - v3.17.0 - 08-11-2023 *\/\n.elementor-widget-google_maps .elementor-widget-container{overflow:hidden}.elementor-widget-google_maps .elementor-custom-embed{line-height:0}.elementor-widget-google_maps iframe{height:300px}<\/style>\t\t<div class=\"elementor-custom-embed\">\n\t\t\t<iframe loading=\"lazy\"\n\t\t\t\t\tsrc=\"https:\/\/maps.google.com\/maps?q=Universidad%20la%20salle%20cuernavaca&#038;t=m&#038;z=18&#038;output=embed&#038;iwloc=near\"\n\t\t\t\t\ttitle=\"Universidad la salle cuernavaca\"\n\t\t\t\t\taria-label=\"Universidad la salle cuernavaca\"\n\t\t\t><\/iframe>\n\t\t<\/div>\n\t\t\t\t<\/div>\n\t\t\t\t<\/div>\n\t\t\t\t\t<\/div>\n\t\t<\/div>\n\t\t\t\t\t\t\t<\/div>\n\t\t<\/section>\n\t\t\t\t\t\t\t<\/div>\n\t\t","protected":false},"excerpt":{"rendered":"<p>Universidad La Salle Cuernavaca CENTRO CULTURAL TEOPANZOLCORegistro, inauguraci\u00f3n, conferencia magistral, fotograf\u00eda y ceremonia de clausura. CAMPUS UNIVERSITARIOTalleres, ponencias, exposici\u00f3n de carteles de investigaci\u00f3n y zona de alimentos. AUDITORIO MANUEL ARR\u00d3YAVEConferencias y talleres. AUDITORIO SUMMATalleres y exposici\u00f3n de carteles de investigaci\u00f3n CARPA ASINEA (CANCHA DE USOS M\u00daLTIPLES)Zona de alimentaci\u00f3n, descanso y noche social Mapa de ubicaci\u00f3n &hellip;<\/p>\n<p class=\"read-more\"> <a class=\"\" href=\"https:\/\/lasallecuernavaca.edu.mx\/eventos\/asinea112\/sede\/\"> <span class=\"screen-reader-text\">Sede<\/span> Leer m\u00e1s &raquo;<\/a><\/p>\n","protected":false},"author":8,"featured_media":0,"parent":0,"menu_order":0,"comment_status":"closed","ping_status":"closed","template":"","meta":{"_coblocks_attr":"","_coblocks_dimensions":"","_coblocks_responsive_height":"","_coblocks_accordion_ie_support":"","site-sidebar-layout":"no-sidebar","site-content-layout":"page-builder","ast-global-header-display":"","ast-main-header-display":"","ast-hfb-above-header-display":"","ast-hfb-below-header-display":"","ast-hfb-mobile-header-display":"","site-post-title":"disabled","ast-breadcrumbs-content":"","ast-featured-img":"disabled","footer-sml-layout":"","theme-transparent-header-meta":"","adv-header-id-meta":"","stick-header-meta":"","header-above-stick-meta":"","header-main-stick-meta":"","header-below-stick-meta":"","spay_email":"","footnotes":""},"jetpack_sharing_enabled":false,"jetpack_likes_enabled":false,"_links":{"self":[{"href":"https:\/\/lasallecuernavaca.edu.mx\/eventos\/asinea112\/wp-json\/wp\/v2\/pages\/1310"}],"collection":[{"href":"https:\/\/lasallecuernavaca.edu.mx\/eventos\/asinea112\/wp-json\/wp\/v2\/pages"}],"about":[{"href":"https:\/\/lasallecuernavaca.edu.mx\/eventos\/asinea112\/wp-json\/wp\/v2\/types\/page"}],"author":[{"embeddable":true,"href":"https:\/\/lasallecuernavaca.edu.mx\/eventos\/asinea112\/wp-json\/wp\/v2\/users\/8"}],"replies":[{"embeddable":true,"href":"https:\/\/lasallecuernavaca.edu.mx\/eventos\/asinea112\/wp-json\/wp\/v2\/comments?post=1310"}],"version-history":[{"count":31,"href":"https:\/\/lasallecuernavaca.edu.mx\/eventos\/asinea112\/wp-json\/wp\/v2\/pages\/1310\/revisions"}],"predecessor-version":[{"id":1779,"href":"https:\/\/lasallecuernavaca.edu.mx\/eventos\/asinea112\/wp-json\/wp\/v2\/pages\/1310\/revisions\/1779"}],"wp:attachment":[{"href":"https:\/\/lasallecuernavaca.edu.mx\/eventos\/asinea112\/wp-json\/wp\/v2\/media?parent=1310"}],"curies":[{"name":"wp","href":"https:\/\/api.w.org\/{rel}","templated":true}]}}